{"id":8,"date":"2018-03-14T19:40:15","date_gmt":"2018-03-14T19:40:15","guid":{"rendered":"https:\/\/alaindore.com\/?page_id=8"},"modified":"2023-04-12T11:06:59","modified_gmt":"2023-04-12T15:06:59","slug":"a-propos-de","status":"publish","type":"page","link":"https:\/\/alaindore.com\/?page_id=8","title":{"rendered":"La journ\u00e9e"},"content":{"rendered":"<ul>\n<li>\n<h6>Guide de p\u00eache \u00e0 Qu\u00e9bec sur le fleuve Saint-Laurent<\/h6>\n<\/li>\n<li>\n<h6>\u00c9motions, plaisir et excitations seront au rendez-vous !<\/h6>\n<\/li>\n<li>\n<h6>Apprentissage; notre savoir faire vous sera transmis afin que vous puissiez raconter vos vrais histoire de p\u00eache.<\/h6>\n<\/li>\n<li>\n<h6>Action et r\u00e9sultat; vous apprendrez de nouvelles techniques tout en d\u00e9couvrant le fleuve en embarcation.<\/h6>\n<\/li>\n<li>\n<h6>S\u00e9curit\u00e9; plusieurs conseils de s\u00e9curit\u00e9 de navigation vous seront transmit lors de l&rsquo;excursion.<\/h6>\n<\/li>\n<\/ul>\n<h3>D\u00e9butant ou expert, il y aura un poisson pour vous plaire !<\/h3>\n","protected":false},"excerpt":{"rendered":"<p>Guide de p\u00eache \u00e0 Qu\u00e9bec sur le fleuve Saint-Laurent \u00c9motions, plaisir et excitations seront au rendez-vous ! Apprentissage; notre savoir faire vous sera transmis afin que vous puissiez raconter vos vrais histoire de p\u00eache. Action et r\u00e9sultat; vous apprendrez de nouvelles techniques tout en d\u00e9couvrant le fleuve en embarcation. S\u00e9curit\u00e9; plusieurs conseils de s\u00e9curit\u00e9 de &hellip; <\/p>\n<p class=\"link-more\"><a href=\"https:\/\/alaindore.com\/?page_id=8\" class=\"more-link\">Continuer la lecture<span class=\"screen-reader-text\"> de &laquo;&nbsp;La journ\u00e9e&nbsp;&raquo;<\/span><\/a><\/p>\n","protected":false},"author":1,"featured_media":48,"parent":0,"menu_order":0,"comment_status":"closed","ping_status":"closed","template":"","meta":{"sfsi_plus_gutenberg_text_before_share":"","sfsi_plus_gutenberg_show_text_before_share":"","sfsi_plus_gutenberg_icon_type":"","sfsi_plus_gutenberg_icon_alignemt":"","sfsi_plus_gutenburg_max_per_row":"","footnotes":""},"class_list":["post-8","page","type-page","status-publish","has-post-thumbnail","hentry"],"_links":{"self":[{"href":"https:\/\/alaindore.com\/index.php?rest_route=\/wp\/v2\/pages\/8","targetHints":{"allow":["GET"]}}],"collection":[{"href":"https:\/\/alaindore.com\/index.php?rest_route=\/wp\/v2\/pages"}],"about":[{"href":"https:\/\/alaindore.com\/index.php?rest_route=\/wp\/v2\/types\/page"}],"author":[{"embeddable":true,"href":"https:\/\/alaindore.com\/index.php?rest_route=\/wp\/v2\/users\/1"}],"replies":[{"embeddable":true,"href":"https:\/\/alaindore.com\/index.php?rest_route=%2Fwp%2Fv2%2Fcomments&post=8"}],"version-history":[{"count":33,"href":"https:\/\/alaindore.com\/index.php?rest_route=\/wp\/v2\/pages\/8\/revisions"}],"predecessor-version":[{"id":644,"href":"https:\/\/alaindore.com\/index.php?rest_route=\/wp\/v2\/pages\/8\/revisions\/644"}],"wp:featuredmedia":[{"embeddable":true,"href":"https:\/\/alaindore.com\/index.php?rest_route=\/wp\/v2\/media\/48"}],"wp:attachment":[{"href":"https:\/\/alaindore.com\/index.php?rest_route=%2Fwp%2Fv2%2Fmedia&parent=8"}],"curies":[{"name":"wp","href":"https:\/\/api.w.org\/{rel}","templated":true}]}}